{"id":37,"date":"2022-11-16T20:28:36","date_gmt":"2022-11-16T20:28:36","guid":{"rendered":"http:\/\/casaanitatorrebaja.es\/?page_id=37"},"modified":"2022-11-21T19:44:56","modified_gmt":"2022-11-21T19:44:56","slug":"paseo-por-torrebaja","status":"publish","type":"page","link":"https:\/\/casaanitatorrebaja.es\/?page_id=37","title":{"rendered":"PASEO POR TORREBAJA"},"content":{"rendered":"<div class=\"wp-block-image\">\n<figure class=\"aligncenter size-full\"><img loading=\"lazy\" decoding=\"async\" width=\"694\" height=\"431\" src=\"http:\/\/casaanitatorrebaja.es\/wp-content\/uploads\/2022\/11\/ayuntamiento_torrebaja.jpg\" alt=\"\" class=\"wp-image-38\" srcset=\"https:\/\/casaanitatorrebaja.es\/wp-content\/uploads\/2022\/11\/ayuntamiento_torrebaja.jpg 694w, https:\/\/casaanitatorrebaja.es\/wp-content\/uploads\/2022\/11\/ayuntamiento_torrebaja-300x186.jpg 300w\" sizes=\"auto, (max-width: 694px) 100vw, 694px\" \/><\/figure>\n<\/div>\n\n\n<p><\/p>\n\n\n\n<p class=\"has-white-background-color has-background\">Torrebaja es un municipio Valenciano integrado en el Rincon De Ademuz.<\/p>\n\n\n\n<p class=\"has-white-background-color has-background\">Se encuentra al margen derecho del Rio Turia, su emplazamiento corresponde al final de la loma que penetra en el fondo del valle, en la desembocadura del Rio Ebron. <\/p>\n\n\n\n<figure class=\"wp-block-image size-large\"><img loading=\"lazy\" decoding=\"async\" width=\"768\" height=\"1024\" src=\"http:\/\/casaanitatorrebaja.es\/wp-content\/uploads\/2022\/11\/presa_ebron-768x1024.jpg\" alt=\"\" class=\"wp-image-63\" srcset=\"https:\/\/casaanitatorrebaja.es\/wp-content\/uploads\/2022\/11\/presa_ebron-768x1024.jpg 768w, https:\/\/casaanitatorrebaja.es\/wp-content\/uploads\/2022\/11\/presa_ebron-225x300.jpg 225w, https:\/\/casaanitatorrebaja.es\/wp-content\/uploads\/2022\/11\/presa_ebron-1152x1536.jpg 1152w, https:\/\/casaanitatorrebaja.es\/wp-content\/uploads\/2022\/11\/presa_ebron-1536x2048.jpg 1536w, https:\/\/casaanitatorrebaja.es\/wp-content\/uploads\/2022\/11\/presa_ebron-scaled.jpg 1920w\" sizes=\"auto, (max-width: 768px) 100vw, 768px\" \/><\/figure>\n\n\n\n<p class=\"has-white-background-color has-background\">Torrebaja dispone de unas excelentes instalaciones municipales, consistentes en: <\/p>\n\n\n\n<p class=\"has-white-background-color has-background\">Una pista de futbol sala:<\/p>\n\n\n\n<figure class=\"wp-block-image size-full\"><img loading=\"lazy\" decoding=\"async\" width=\"820\" height=\"400\" src=\"http:\/\/casaanitatorrebaja.es\/wp-content\/uploads\/2022\/11\/pista-futbol-sala.jpg\" alt=\"\" class=\"wp-image-148\" srcset=\"https:\/\/casaanitatorrebaja.es\/wp-content\/uploads\/2022\/11\/pista-futbol-sala.jpg 820w, https:\/\/casaanitatorrebaja.es\/wp-content\/uploads\/2022\/11\/pista-futbol-sala-300x146.jpg 300w, https:\/\/casaanitatorrebaja.es\/wp-content\/uploads\/2022\/11\/pista-futbol-sala-768x375.jpg 768w\" sizes=\"auto, (max-width: 820px) 100vw, 820px\" \/><\/figure>\n\n\n\n<p class=\"has-white-background-color has-background\">Una pista de tenis:<\/p>\n\n\n\n<figure class=\"wp-block-image size-full\"><img loading=\"lazy\" decoding=\"async\" width=\"820\" height=\"400\" src=\"http:\/\/casaanitatorrebaja.es\/wp-content\/uploads\/2022\/11\/pista-tenis.jpg\" alt=\"\" class=\"wp-image-149\" srcset=\"https:\/\/casaanitatorrebaja.es\/wp-content\/uploads\/2022\/11\/pista-tenis.jpg 820w, https:\/\/casaanitatorrebaja.es\/wp-content\/uploads\/2022\/11\/pista-tenis-300x146.jpg 300w, https:\/\/casaanitatorrebaja.es\/wp-content\/uploads\/2022\/11\/pista-tenis-768x375.jpg 768w\" sizes=\"auto, (max-width: 820px) 100vw, 820px\" \/><\/figure>\n\n\n\n<p class=\"has-white-background-color has-background\"> Una pista de baloncesto:<\/p>\n\n\n\n<figure class=\"wp-block-image size-full\"><img loading=\"lazy\" decoding=\"async\" width=\"820\" height=\"461\" src=\"http:\/\/casaanitatorrebaja.es\/wp-content\/uploads\/2022\/11\/pista-baloncesto.png\" alt=\"\" class=\"wp-image-150\" srcset=\"https:\/\/casaanitatorrebaja.es\/wp-content\/uploads\/2022\/11\/pista-baloncesto.png 820w, https:\/\/casaanitatorrebaja.es\/wp-content\/uploads\/2022\/11\/pista-baloncesto-300x169.png 300w, https:\/\/casaanitatorrebaja.es\/wp-content\/uploads\/2022\/11\/pista-baloncesto-768x432.png 768w\" sizes=\"auto, (max-width: 820px) 100vw, 820px\" \/><\/figure>\n\n\n\n<p class=\"has-white-background-color has-background\">Un fronton:<\/p>\n\n\n\n<figure class=\"wp-block-image size-full\"><img loading=\"lazy\" decoding=\"async\" width=\"820\" height=\"400\" src=\"http:\/\/casaanitatorrebaja.es\/wp-content\/uploads\/2022\/11\/fronton.jpg\" alt=\"\" class=\"wp-image-151\" srcset=\"https:\/\/casaanitatorrebaja.es\/wp-content\/uploads\/2022\/11\/fronton.jpg 820w, https:\/\/casaanitatorrebaja.es\/wp-content\/uploads\/2022\/11\/fronton-300x146.jpg 300w, https:\/\/casaanitatorrebaja.es\/wp-content\/uploads\/2022\/11\/fronton-768x375.jpg 768w\" sizes=\"auto, (max-width: 820px) 100vw, 820px\" \/><\/figure>\n\n\n\n<p class=\"has-white-background-color has-background\">Una Piscina:<\/p>\n\n\n\n<figure class=\"wp-block-image size-full\"><img loading=\"lazy\" decoding=\"async\" width=\"820\" height=\"400\" src=\"http:\/\/casaanitatorrebaja.es\/wp-content\/uploads\/2022\/11\/piscina.jpg\" alt=\"\" class=\"wp-image-48\" srcset=\"https:\/\/casaanitatorrebaja.es\/wp-content\/uploads\/2022\/11\/piscina.jpg 820w, https:\/\/casaanitatorrebaja.es\/wp-content\/uploads\/2022\/11\/piscina-300x146.jpg 300w, https:\/\/casaanitatorrebaja.es\/wp-content\/uploads\/2022\/11\/piscina-768x375.jpg 768w\" sizes=\"auto, (max-width: 820px) 100vw, 820px\" \/><\/figure>\n\n\n\n<p>Area Recreativa La Ribera:<\/p>\n\n\n\n<figure class=\"wp-block-image size-full\"><img loading=\"lazy\" decoding=\"async\" width=\"820\" height=\"400\" src=\"http:\/\/casaanitatorrebaja.es\/wp-content\/uploads\/2022\/11\/area-recreativa-la-ribera.jpg\" alt=\"\" class=\"wp-image-146\" srcset=\"https:\/\/casaanitatorrebaja.es\/wp-content\/uploads\/2022\/11\/area-recreativa-la-ribera.jpg 820w, https:\/\/casaanitatorrebaja.es\/wp-content\/uploads\/2022\/11\/area-recreativa-la-ribera-300x146.jpg 300w, https:\/\/casaanitatorrebaja.es\/wp-content\/uploads\/2022\/11\/area-recreativa-la-ribera-768x375.jpg 768w\" sizes=\"auto, (max-width: 820px) 100vw, 820px\" \/><\/figure>\n\n\n\n<p>Dentro de los servicios que nos podemos encontrar, cabria destacar que el pueblo posee Farmacia, Consultorio M\u00e9dico, Panader\u00eda, Carnicer\u00eda, un Supermercado, tres Bares <\/p>\n\n\n\n<figure class=\"wp-block-image size-large\"><img loading=\"lazy\" decoding=\"async\" width=\"1024\" height=\"734\" src=\"http:\/\/casaanitatorrebaja.es\/wp-content\/uploads\/2022\/11\/oficina_turismo-1024x734.jpg\" alt=\"\" class=\"wp-image-152\" srcset=\"https:\/\/casaanitatorrebaja.es\/wp-content\/uploads\/2022\/11\/oficina_turismo-1024x734.jpg 1024w, https:\/\/casaanitatorrebaja.es\/wp-content\/uploads\/2022\/11\/oficina_turismo-300x215.jpg 300w, https:\/\/casaanitatorrebaja.es\/wp-content\/uploads\/2022\/11\/oficina_turismo-768x551.jpg 768w, https:\/\/casaanitatorrebaja.es\/wp-content\/uploads\/2022\/11\/oficina_turismo.jpg 1162w\" sizes=\"auto, (max-width: 1024px) 100vw, 1024px\" \/><\/figure>\n\n\n\n<p>As\u00ed mismo una vez alli podremos disfrutar de varios monumentos como <a href=\"https:\/\/www.torrebaja.es\/es\/turismo\/monumentos\/casa-senorial-de-los-garces-de-marcilla\">Casa Se\u00f1orial de los Garc\u00e9s de Marcilla<\/a>, <a href=\"https:\/\/www.torrebaja.es\/es\/turismo\/monumentos\/ermita-de-san-jose\">Ermita de San Jos\u00e9<\/a>, <a href=\"https:\/\/www.torrebaja.es\/es\/turismo\/monumentos\/el-torreon\">El Torre\u00f3n<\/a>, <a href=\"https:\/\/www.torrebaja.es\/es\/turismo\/monumentos\/fuente-de-julian-el-frances\">Fuente de Juli\u00e1n \u00abEl Franc\u00e9s\u00bb<\/a>, <a href=\"https:\/\/www.torrebaja.es\/es\/turismo\/monumentos\/ermita-de-san-roque\">Ermita de San Roque<\/a>, <a href=\"https:\/\/www.torrebaja.es\/es\/turismo\/monumentos\/cubo-de-san-roque-tinaja\">Cubo de San Roque (Tinaja)<\/a>, <a href=\"https:\/\/www.torrebaja.es\/es\/turismo\/monumentos\/la-casa-de-la-bomba\">La casa de la bomba<\/a>, <a href=\"https:\/\/www.torrebaja.es\/es\/turismo\/monumentos\/fuente-de-los-pobres\">Fuente de los pobres<\/a>, <a href=\"https:\/\/www.torrebaja.es\/es\/turismo\/monumentos\/molino-de-san-jose\">Molino de San Jos\u00e9<\/a>, <a href=\"https:\/\/www.torrebaja.es\/es\/turismo\/monumentos\/molino-del-senor\">Molino del Se\u00f1or<\/a>, <a href=\"https:\/\/www.torrebaja.es\/es\/turismo\/monumentos\/iglesia-parroquial-de-santa-ana\">Iglesia Parroquial de Santa Ana<\/a>, <a href=\"https:\/\/www.torrebaja.es\/es\/turismo\/monumentos\/iglesia-parroquial-de-santa-marina-virgen\">Iglesia Parroquial de Santa Marina Virgen<\/a>, <a href=\"https:\/\/www.torrebaja.es\/es\/turismo\/monumentos\/nacimiento-del-euro\">Nacimiento del euro<\/a>, etc.<\/p>\n\n\n\n<p>AS\u00ed como infinidad de parajes naturales por citar alguno, <a href=\"https:\/\/www.torrebaja.es\/es\/turismo\/parajes-naturales\/hornos-de-yeso-de-los-aljezares\">Hornos de yeso de Los Aljezares<\/a>, <a href=\"https:\/\/www.torrebaja.es\/es\/turismo\/parajes-naturales\/aula-de-la-naturaleza\">Aula de la naturaleza<\/a>, <a href=\"https:\/\/www.torrebaja.es\/es\/turismo\/parajes-naturales\/la-presa-del-ebron\">La Presa del Ebr\u00f3n<\/a>, <a href=\"https:\/\/www.torrebaja.es\/es\/turismo\/parajes-naturales\/sendero-botanico-de-la-loma-del-montecillo\">Sendero Bot\u00e1nico de La Loma del Montecillo<\/a>, <a href=\"https:\/\/www.torrebaja.es\/es\/turismo\/parajes-naturales\/mirador-del-ebron\">Mirador del Ebr\u00f3n<\/a>, <a href=\"https:\/\/www.torrebaja.es\/es\/turismo\/parajes-naturales\/mirador-del-rio-turia\">Mirador del r\u00edo Turia<\/a>, <a href=\"https:\/\/www.torrebaja.es\/es\/turismo\/parajes-naturales\/placeta-de-las-eras\">Placeta de las eras<\/a>, <a href=\"https:\/\/www.torrebaja.es\/es\/turismo\/parajes-naturales\/puntal-de-los-molares\">Puntal de los Molares<\/a>,etc<\/p>\n\n\n\n<figure class=\"wp-block-image size-large\"><img loading=\"lazy\" decoding=\"async\" width=\"1024\" height=\"576\" src=\"http:\/\/casaanitatorrebaja.es\/wp-content\/uploads\/2022\/11\/Mirador_ebron_01-1024x576.jpg\" alt=\"\" class=\"wp-image-70\" srcset=\"https:\/\/casaanitatorrebaja.es\/wp-content\/uploads\/2022\/11\/Mirador_ebron_01-1024x576.jpg 1024w, https:\/\/casaanitatorrebaja.es\/wp-content\/uploads\/2022\/11\/Mirador_ebron_01-300x169.jpg 300w, https:\/\/casaanitatorrebaja.es\/wp-content\/uploads\/2022\/11\/Mirador_ebron_01-768x432.jpg 768w, https:\/\/casaanitatorrebaja.es\/wp-content\/uploads\/2022\/11\/Mirador_ebron_01-1536x864.jpg 1536w, https:\/\/casaanitatorrebaja.es\/wp-content\/uploads\/2022\/11\/Mirador_ebron_01.jpg 1920w\" sizes=\"auto, (max-width: 1024px) 100vw, 1024px\" \/><\/figure>\n\n\n\n<p>Espero que haya sido interesante y entretenida vuestra visita a tan flamante pueblo.<\/p>\n\n\n\n<p><\/p>\n","protected":false},"excerpt":{"rendered":"<p>Torrebaja es un municipio Valenciano integrado en el Rincon De Ademuz. Se encuentra al margen derecho del Rio Turia, su emplazamiento corresponde al final de la loma que penetra en el fondo del valle, en la desembocadura del Rio Ebron. Torrebaja dispone de unas excelentes &hellip; <a href=\"https:\/\/casaanitatorrebaja.es\/?page_id=37\" class=\"more-link\"><span>Seguir leyendo<span class=\"screen-reader-text\">PASEO POR TORREBAJA<\/span><\/span><\/a><\/p>\n","protected":false},"author":1,"featured_media":0,"parent":0,"menu_order":2,"comment_status":"closed","ping_status":"closed","template":"","meta":{"footnotes":""},"class_list":["post-37","page","type-page","status-publish","hentry"],"_links":{"self":[{"href":"https:\/\/casaanitatorrebaja.es\/index.php?rest_route=\/wp\/v2\/pages\/37","targetHints":{"allow":["GET"]}}],"collection":[{"href":"https:\/\/casaanitatorrebaja.es\/index.php?rest_route=\/wp\/v2\/pages"}],"about":[{"href":"https:\/\/casaanitatorrebaja.es\/index.php?rest_route=\/wp\/v2\/types\/page"}],"author":[{"embeddable":true,"href":"https:\/\/casaanitatorrebaja.es\/index.php?rest_route=\/wp\/v2\/users\/1"}],"replies":[{"embeddable":true,"href":"https:\/\/casaanitatorrebaja.es\/index.php?rest_route=%2Fwp%2Fv2%2Fcomments&post=37"}],"version-history":[{"count":11,"href":"https:\/\/casaanitatorrebaja.es\/index.php?rest_route=\/wp\/v2\/pages\/37\/revisions"}],"predecessor-version":[{"id":153,"href":"https:\/\/casaanitatorrebaja.es\/index.php?rest_route=\/wp\/v2\/pages\/37\/revisions\/153"}],"wp:attachment":[{"href":"https:\/\/casaanitatorrebaja.es\/index.php?rest_route=%2Fwp%2Fv2%2Fmedia&parent=37"}],"curies":[{"name":"wp","href":"https:\/\/api.w.org\/{rel}","templated":true}]}}