{"id":97,"date":"2022-11-20T19:02:28","date_gmt":"2022-11-20T19:02:28","guid":{"rendered":"http:\/\/casaanitatorrebaja.es\/?page_id=97"},"modified":"2022-11-20T19:03:38","modified_gmt":"2022-11-20T19:03:38","slug":"excursiones-interesantes","status":"publish","type":"page","link":"https:\/\/casaanitatorrebaja.es\/?page_id=97","title":{"rendered":"EXCURSIONES INTERESANTES"},"content":{"rendered":"\n<p>En esta p\u00e1gina os vamos a aconsejar algunas de las excursiones interesantes que se pueden realizar desde aqui.<\/p>\n\n\n\n<figure class=\"wp-block-image size-large\"><img loading=\"lazy\" decoding=\"async\" width=\"1024\" height=\"683\" src=\"http:\/\/casaanitatorrebaja.es\/wp-content\/uploads\/2022\/11\/estrechos-ebron-1024x683.jpg\" alt=\"\" class=\"wp-image-98\" srcset=\"https:\/\/casaanitatorrebaja.es\/wp-content\/uploads\/2022\/11\/estrechos-ebron-1024x683.jpg 1024w, https:\/\/casaanitatorrebaja.es\/wp-content\/uploads\/2022\/11\/estrechos-ebron-300x200.jpg 300w, https:\/\/casaanitatorrebaja.es\/wp-content\/uploads\/2022\/11\/estrechos-ebron-768x512.jpg 768w, https:\/\/casaanitatorrebaja.es\/wp-content\/uploads\/2022\/11\/estrechos-ebron.jpg 1500w\" sizes=\"auto, (max-width: 1024px) 100vw, 1024px\" \/><figcaption class=\"wp-element-caption\">LOS ESTRECHOS DEL RIO EBRON<\/figcaption><\/figure>\n\n\n\n<p>Es una ruta senderista. de 15 Kmque se realiza por puentes y pasarelas bordeando el Rio Ebron, Se puede realizar con ni\u00f1os , ya que existen varias zonas para agarrarse.<\/p>\n\n\n\n<p> <\/p>\n\n\n\n<figure class=\"wp-block-image size-large\"><img loading=\"lazy\" decoding=\"async\" width=\"1024\" height=\"768\" src=\"http:\/\/casaanitatorrebaja.es\/wp-content\/uploads\/2022\/11\/salto_ninfas-1024x768.jpg\" alt=\"\" class=\"wp-image-99\" srcset=\"https:\/\/casaanitatorrebaja.es\/wp-content\/uploads\/2022\/11\/salto_ninfas-1024x768.jpg 1024w, https:\/\/casaanitatorrebaja.es\/wp-content\/uploads\/2022\/11\/salto_ninfas-300x225.jpg 300w, https:\/\/casaanitatorrebaja.es\/wp-content\/uploads\/2022\/11\/salto_ninfas-768x576.jpg 768w, https:\/\/casaanitatorrebaja.es\/wp-content\/uploads\/2022\/11\/salto_ninfas-1536x1152.jpg 1536w, https:\/\/casaanitatorrebaja.es\/wp-content\/uploads\/2022\/11\/salto_ninfas.jpg 1600w\" sizes=\"auto, (max-width: 1024px) 100vw, 1024px\" \/><figcaption class=\"wp-element-caption\">Salto de las Ninfas (Amanaderos de Riodeva)<\/figcaption><\/figure>\n\n\n\n<p>Otra de las rutas senderistas imprescindibles que se encuentra a tan solo 17 Km, es la Ruta de Los Amanaderos de Riodeva.<\/p>\n\n\n\n<p>Dicha Ruta consta de 12,64 Km si se realiza entera, Pozas de agua espectaculares para darse un ba\u00f1o refrescante (con respeto) y saltos de agua impresionantes con cierto aire parecido al Monasterio de Piedra pero totalmente salvaje.<\/p>\n\n\n\n<p>En el mismo pueblo de Riodeva se encuentra una sede de Dinopolis llamada Titania.<\/p>\n\n\n\n<figure class=\"wp-block-image size-large\"><img loading=\"lazy\" decoding=\"async\" width=\"1024\" height=\"680\" src=\"http:\/\/casaanitatorrebaja.es\/wp-content\/uploads\/2022\/11\/Titania_1-1024x680.jpg\" alt=\"\" class=\"wp-image-100\" srcset=\"https:\/\/casaanitatorrebaja.es\/wp-content\/uploads\/2022\/11\/Titania_1-1024x680.jpg 1024w, https:\/\/casaanitatorrebaja.es\/wp-content\/uploads\/2022\/11\/Titania_1-300x199.jpg 300w, https:\/\/casaanitatorrebaja.es\/wp-content\/uploads\/2022\/11\/Titania_1-768x510.jpg 768w, https:\/\/casaanitatorrebaja.es\/wp-content\/uploads\/2022\/11\/Titania_1.jpg 1170w\" sizes=\"auto, (max-width: 1024px) 100vw, 1024px\" \/><figcaption class=\"wp-element-caption\">TITANIA <\/figcaption><\/figure>\n\n\n\n<figure class=\"wp-block-image size-large is-resized\"><img loading=\"lazy\" decoding=\"async\" src=\"http:\/\/casaanitatorrebaja.es\/wp-content\/uploads\/2022\/11\/uniformidad-cromatica_5c2045c3_2000x1333-1024x682.jpg\" alt=\"\" class=\"wp-image-101\" width=\"784\" height=\"522\" srcset=\"https:\/\/casaanitatorrebaja.es\/wp-content\/uploads\/2022\/11\/uniformidad-cromatica_5c2045c3_2000x1333-1024x682.jpg 1024w, https:\/\/casaanitatorrebaja.es\/wp-content\/uploads\/2022\/11\/uniformidad-cromatica_5c2045c3_2000x1333-300x200.jpg 300w, https:\/\/casaanitatorrebaja.es\/wp-content\/uploads\/2022\/11\/uniformidad-cromatica_5c2045c3_2000x1333-768x512.jpg 768w, https:\/\/casaanitatorrebaja.es\/wp-content\/uploads\/2022\/11\/uniformidad-cromatica_5c2045c3_2000x1333-1536x1024.jpg 1536w, https:\/\/casaanitatorrebaja.es\/wp-content\/uploads\/2022\/11\/uniformidad-cromatica_5c2045c3_2000x1333.jpg 2000w\" sizes=\"auto, (max-width: 784px) 100vw, 784px\" \/><figcaption class=\"wp-element-caption\">ALBARRACIN<\/figcaption><\/figure>\n\n\n\n<p>Albarracin es un pueblo de Teruel que est\u00e1 considerado como uno de los mas bonitos de Espa\u00f1a, se encuentra a tan solo  72 Km de aqu\u00ed.<\/p>\n\n\n\n<figure class=\"wp-block-image size-large\"><img loading=\"lazy\" decoding=\"async\" width=\"1024\" height=\"461\" src=\"http:\/\/casaanitatorrebaja.es\/wp-content\/uploads\/2022\/11\/albarracin-teruel-istock-copia-1024x461.jpg\" alt=\"\" class=\"wp-image-102\" srcset=\"https:\/\/casaanitatorrebaja.es\/wp-content\/uploads\/2022\/11\/albarracin-teruel-istock-copia-1024x461.jpg 1024w, https:\/\/casaanitatorrebaja.es\/wp-content\/uploads\/2022\/11\/albarracin-teruel-istock-copia-300x135.jpg 300w, https:\/\/casaanitatorrebaja.es\/wp-content\/uploads\/2022\/11\/albarracin-teruel-istock-copia-768x346.jpg 768w, https:\/\/casaanitatorrebaja.es\/wp-content\/uploads\/2022\/11\/albarracin-teruel-istock-copia-1536x691.jpg 1536w, https:\/\/casaanitatorrebaja.es\/wp-content\/uploads\/2022\/11\/albarracin-teruel-istock-copia.jpg 1920w\" sizes=\"auto, (max-width: 1024px) 100vw, 1024px\" \/><figcaption class=\"wp-element-caption\">ALBARRACIN DE NOCHE<\/figcaption><\/figure>\n\n\n<div class=\"wp-block-image\">\n<figure class=\"aligncenter size-full is-resized\"><img loading=\"lazy\" decoding=\"async\" src=\"http:\/\/casaanitatorrebaja.es\/wp-content\/uploads\/2022\/11\/escalinata.jpg\" alt=\"\" class=\"wp-image-103\" width=\"791\" height=\"443\" srcset=\"https:\/\/casaanitatorrebaja.es\/wp-content\/uploads\/2022\/11\/escalinata.jpg 600w, https:\/\/casaanitatorrebaja.es\/wp-content\/uploads\/2022\/11\/escalinata-300x168.jpg 300w\" sizes=\"auto, (max-width: 791px) 100vw, 791px\" \/><figcaption class=\"wp-element-caption\">ESCALINATA TERUEL<\/figcaption><\/figure>\n<\/div>\n\n\n<p>Teruel es una Capital de provicia, que es llamada de varias maneras como Teruel La ciudad del Amor, Teruel Capital mundial de la arquitectura Mudejar, Teruel La ciudad de los Amantes y Cuna de los Dinosaurios.<\/p>\n\n\n\n<figure class=\"wp-block-image size-full is-resized\"><img loading=\"lazy\" decoding=\"async\" src=\"http:\/\/casaanitatorrebaja.es\/wp-content\/uploads\/2022\/11\/la-tumba-de-los-amantes.jpg\" alt=\"\" class=\"wp-image-104\" width=\"792\" height=\"369\" srcset=\"https:\/\/casaanitatorrebaja.es\/wp-content\/uploads\/2022\/11\/la-tumba-de-los-amantes.jpg 800w, https:\/\/casaanitatorrebaja.es\/wp-content\/uploads\/2022\/11\/la-tumba-de-los-amantes-300x140.jpg 300w, https:\/\/casaanitatorrebaja.es\/wp-content\/uploads\/2022\/11\/la-tumba-de-los-amantes-768x358.jpg 768w\" sizes=\"auto, (max-width: 792px) 100vw, 792px\" \/><figcaption class=\"wp-element-caption\">MAUSOLEO DE LOS AMANTES<\/figcaption><\/figure>\n\n\n\n<figure class=\"wp-block-image size-large\"><img loading=\"lazy\" decoding=\"async\" width=\"1024\" height=\"512\" src=\"http:\/\/casaanitatorrebaja.es\/wp-content\/uploads\/2022\/11\/TORRES-1-1024x512.jpg\" alt=\"\" class=\"wp-image-107\" srcset=\"https:\/\/casaanitatorrebaja.es\/wp-content\/uploads\/2022\/11\/TORRES-1-1024x512.jpg 1024w, https:\/\/casaanitatorrebaja.es\/wp-content\/uploads\/2022\/11\/TORRES-1-300x150.jpg 300w, https:\/\/casaanitatorrebaja.es\/wp-content\/uploads\/2022\/11\/TORRES-1-768x384.jpg 768w, https:\/\/casaanitatorrebaja.es\/wp-content\/uploads\/2022\/11\/TORRES-1-1536x768.jpg 1536w, https:\/\/casaanitatorrebaja.es\/wp-content\/uploads\/2022\/11\/TORRES-1-1148x574.jpg 1148w, https:\/\/casaanitatorrebaja.es\/wp-content\/uploads\/2022\/11\/TORRES-1.jpg 1600w\" sizes=\"auto, (max-width: 1024px) 100vw, 1024px\" \/><figcaption class=\"wp-element-caption\">ARTE MUDEJAR<\/figcaption><\/figure>\n\n\n\n<figure class=\"wp-block-image size-full\"><img loading=\"lazy\" decoding=\"async\" width=\"995\" height=\"697\" src=\"http:\/\/casaanitatorrebaja.es\/wp-content\/uploads\/2022\/11\/Mapa-Dinopolis.jpg\" alt=\"\" class=\"wp-image-108\" srcset=\"https:\/\/casaanitatorrebaja.es\/wp-content\/uploads\/2022\/11\/Mapa-Dinopolis.jpg 995w, https:\/\/casaanitatorrebaja.es\/wp-content\/uploads\/2022\/11\/Mapa-Dinopolis-300x210.jpg 300w, https:\/\/casaanitatorrebaja.es\/wp-content\/uploads\/2022\/11\/Mapa-Dinopolis-768x538.jpg 768w\" sizes=\"auto, (max-width: 995px) 100vw, 995px\" \/><figcaption class=\"wp-element-caption\">PARQUE TEMATICO DINOPOLIS<\/figcaption><\/figure>\n\n\n\n<p>Menci\u00f3n especial merece tener el Parque Tem\u00e1tico de Dinopolis, que su sede principal se encuentra dentro de la Capital Turolense.<\/p>\n\n\n\n<p>Es un Parque \u00fanico en su especie, donde personas de cualquier edad pueden aprender el mundo de los dinosaurios.<\/p>\n\n\n\n<p> <\/p>\n\n\n\n<figure class=\"wp-block-image size-full is-resized\"><img loading=\"lazy\" decoding=\"async\" src=\"http:\/\/casaanitatorrebaja.es\/wp-content\/uploads\/2022\/11\/dinopolis-1.jpg\" alt=\"\" class=\"wp-image-110\" width=\"784\" height=\"340\" srcset=\"https:\/\/casaanitatorrebaja.es\/wp-content\/uploads\/2022\/11\/dinopolis-1.jpg 628w, https:\/\/casaanitatorrebaja.es\/wp-content\/uploads\/2022\/11\/dinopolis-1-300x130.jpg 300w\" sizes=\"auto, (max-width: 784px) 100vw, 784px\" \/><figcaption class=\"wp-element-caption\">ZONA DE JUEGOS DINOPOLIS<\/figcaption><\/figure>\n\n\n\n<p>Teruel capital posee dos fiestas importantes, una en Julio llamada Fiestas del Angel (La Vaquilla )<\/p>\n\n\n\n<figure class=\"wp-block-image size-full\"><img loading=\"lazy\" decoding=\"async\" width=\"800\" height=\"545\" src=\"http:\/\/casaanitatorrebaja.es\/wp-content\/uploads\/2022\/11\/la_vaquilla.jpg\" alt=\"\" class=\"wp-image-111\" srcset=\"https:\/\/casaanitatorrebaja.es\/wp-content\/uploads\/2022\/11\/la_vaquilla.jpg 800w, https:\/\/casaanitatorrebaja.es\/wp-content\/uploads\/2022\/11\/la_vaquilla-300x204.jpg 300w, https:\/\/casaanitatorrebaja.es\/wp-content\/uploads\/2022\/11\/la_vaquilla-768x523.jpg 768w\" sizes=\"auto, (max-width: 800px) 100vw, 800px\" \/><\/figure>\n\n\n\n<p>Y la otra fiesta son Las Bodas de Isabel de Segura que se celebran en Febrero.<\/p>\n\n\n\n<figure class=\"wp-block-image size-full is-resized\"><img loading=\"lazy\" decoding=\"async\" src=\"http:\/\/casaanitatorrebaja.es\/wp-content\/uploads\/2022\/11\/medievales-2.jpg\" alt=\"\" class=\"wp-image-114\" width=\"786\" height=\"525\" srcset=\"https:\/\/casaanitatorrebaja.es\/wp-content\/uploads\/2022\/11\/medievales-2.jpg 736w, https:\/\/casaanitatorrebaja.es\/wp-content\/uploads\/2022\/11\/medievales-2-300x201.jpg 300w\" sizes=\"auto, (max-width: 786px) 100vw, 786px\" \/><figcaption class=\"wp-element-caption\">Bodas de Isabel de Segura<\/figcaption><\/figure>\n","protected":false},"excerpt":{"rendered":"<p>En esta p\u00e1gina os vamos a aconsejar algunas de las excursiones interesantes que se pueden realizar desde aqui. Es una ruta senderista. de 15 Kmque se realiza por puentes y pasarelas bordeando el Rio Ebron, Se puede realizar con ni\u00f1os , ya que existen varias &hellip; <a href=\"https:\/\/casaanitatorrebaja.es\/?page_id=97\" class=\"more-link\"><span>Seguir leyendo<span class=\"screen-reader-text\">EXCURSIONES INTERESANTES<\/span><\/span><\/a><\/p>\n","protected":false},"author":1,"featured_media":0,"parent":0,"menu_order":4,"comment_status":"closed","ping_status":"closed","template":"","meta":{"footnotes":""},"class_list":["post-97","page","type-page","status-publish","hentry"],"_links":{"self":[{"href":"https:\/\/casaanitatorrebaja.es\/index.php?rest_route=\/wp\/v2\/pages\/97","targetHints":{"allow":["GET"]}}],"collection":[{"href":"https:\/\/casaanitatorrebaja.es\/index.php?rest_route=\/wp\/v2\/pages"}],"about":[{"href":"https:\/\/casaanitatorrebaja.es\/index.php?rest_route=\/wp\/v2\/types\/page"}],"author":[{"embeddable":true,"href":"https:\/\/casaanitatorrebaja.es\/index.php?rest_route=\/wp\/v2\/users\/1"}],"replies":[{"embeddable":true,"href":"https:\/\/casaanitatorrebaja.es\/index.php?rest_route=%2Fwp%2Fv2%2Fcomments&post=97"}],"version-history":[{"count":1,"href":"https:\/\/casaanitatorrebaja.es\/index.php?rest_route=\/wp\/v2\/pages\/97\/revisions"}],"predecessor-version":[{"id":115,"href":"https:\/\/casaanitatorrebaja.es\/index.php?rest_route=\/wp\/v2\/pages\/97\/revisions\/115"}],"wp:attachment":[{"href":"https:\/\/casaanitatorrebaja.es\/index.php?rest_route=%2Fwp%2Fv2%2Fmedia&parent=97"}],"curies":[{"name":"wp","href":"https:\/\/api.w.org\/{rel}","templated":true}]}}